{"id":10,"date":"2020-07-01T12:57:53","date_gmt":"2020-07-01T12:57:53","guid":{"rendered":"https:\/\/ja-baumpflege.de\/?page_id=10"},"modified":"2020-07-01T15:04:57","modified_gmt":"2020-07-01T15:04:57","slug":"hauptseite","status":"publish","type":"page","link":"https:\/\/ja-baumpflege.de\/","title":{"rendered":""},"content":{"rendered":"\n<p><\/p>\n\n\n\n<p class=\"has-text-align-center has-medium-font-size\"><strong>Wir bieten professionelle und fachgerechte Baumpflege, Baumkontrolle, Baumpflanzung und Baumf\u00e4llung im Raum Leipzig an<\/strong><\/p>\n\n\n\n<p class=\"has-text-align-center has-normal-font-size\"><strong>Warum Baumpflege?<\/strong><br><\/p>\n\n\n\n<p class=\"has-text-align-center\">B\u00e4ume sind eine Bereicherung f\u00fcr das Gem\u00fct und haben einen gro\u00dfen Einfluss auf das lokale Klima. Nicht nur wegen des Klimawandels mit Auswirkungen wie erh\u00f6hter Trockenheit oder starken St\u00fcrmen brauchen B\u00e4ume im urbanen Raum besondere Aufmerksamkeit und eine fachgerechte Pflege um ein langes Leben zu gew\u00e4hrleisten. Die Verkehrssicherungspflicht jedes Baumeigent\u00fcmers fordert eine genaue Kontrolle und pflegerische Ma\u00dfnahmen um die Sicherheit jedes Baumes zu gew\u00e4hrleisten. Der Erhalt alter B\u00e4ume sollte dabei immer vor der Neupflanzung stehen, sowohl aus \u00f6kologischer aber nicht zuletzt auch aus \u00f6konomischer Sicht.<\/p>\n\n\n\n<p class=\"has-text-align-center has-normal-font-size\"><strong>Unser Anliegen<\/strong><\/p>\n\n\n\n<p class=\"has-text-align-center\">Durch eine nachhaltige Pflege von Stadtgeh\u00f6lzen werden nicht nur Habitate f\u00fcr V\u00f6gel und Flederm\u00e4use gesch\u00fctzt und erhalten. Auch f\u00fcr uns sind sie von gro\u00dfem Nutzen, denn gesunde und verkehrssichere B\u00e4ume verbessern als \u201egr\u00fcne Lunge\u201c die Qualit\u00e4t des Stadtklimas. Dar\u00fcber hinaus hat ein alter und gepflegter Baum neben seinem \u00f6kologischen- auch einen Sachwert, der nicht zu untersch\u00e4tzen ist. Um diese Werte bestm\u00f6glich zu erhalten, setzten wir auf eine vorausschauende und nachhaltige Pflege der urbanen Geh\u00f6lze. Kommt es jedoch beispielsweise zu einer Instabilit\u00e4t in der Krone, einem starken Sch\u00e4dlingsbefall oder einer Erkrankung, kann es sein, dass der Baum entfernt werden muss, da er den Anspr\u00fcchen der Verkehrssicherheit nicht mehr gen\u00fcgt. Hierbei zeigen sich die Vorteile der Seilklettertechnik besonders bei schwer zug\u00e4nglichen B\u00e4umen, oder wenn eine zu hohe Bodenverdichtung verhindert werden soll.<\/p>\n","protected":false},"excerpt":{"rendered":"<p>Wir bieten professionelle und fachgerechte Baumpflege, Baumkontrolle, Baumpflanzung und Baumf\u00e4llung im Raum Leipzig an Warum Baumpflege? B\u00e4ume sind eine Bereicherung f\u00fcr das Gem\u00fct und haben einen gro\u00dfen Einfluss auf das lokale Klima. Nicht nur wegen des Klimawandels mit Auswirkungen wie erh\u00f6hter Trockenheit oder starken St\u00fcrmen brauchen B\u00e4ume im urbanen Raum besondere Aufmerksamkeit und eine fachgerechte &hellip; <\/p>\n<p class=\"link-more\"><a href=\"https:\/\/ja-baumpflege.de\/\" class=\"more-link\"><span class=\"screen-reader-text\">\u201e\u201c<\/span> weiterlesen<\/a><\/p>\n","protected":false},"author":1,"featured_media":0,"parent":0,"menu_order":0,"comment_status":"closed","ping_status":"closed","template":"","meta":[],"_links":{"self":[{"href":"https:\/\/ja-baumpflege.de\/index.php?rest_route=\/wp\/v2\/pages\/10"}],"collection":[{"href":"https:\/\/ja-baumpflege.de\/index.php?rest_route=\/wp\/v2\/pages"}],"about":[{"href":"https:\/\/ja-baumpflege.de\/index.php?rest_route=\/wp\/v2\/types\/page"}],"author":[{"embeddable":true,"href":"https:\/\/ja-baumpflege.de\/index.php?rest_route=\/wp\/v2\/users\/1"}],"replies":[{"embeddable":true,"href":"https:\/\/ja-baumpflege.de\/index.php?rest_route=%2Fwp%2Fv2%2Fcomments&post=10"}],"version-history":[{"count":7,"href":"https:\/\/ja-baumpflege.de\/index.php?rest_route=\/wp\/v2\/pages\/10\/revisions"}],"predecessor-version":[{"id":80,"href":"https:\/\/ja-baumpflege.de\/index.php?rest_route=\/wp\/v2\/pages\/10\/revisions\/80"}],"wp:attachment":[{"href":"https:\/\/ja-baumpflege.de\/index.php?rest_route=%2Fwp%2Fv2%2Fmedia&parent=10"}],"curies":[{"name":"wp","href":"https:\/\/api.w.org\/{rel}","templated":true}]}}