{"id":13,"date":"2020-07-01T12:57:53","date_gmt":"2020-07-01T12:57:53","guid":{"rendered":"https:\/\/ja-baumpflege.de\/?page_id=13"},"modified":"2020-07-01T17:41:37","modified_gmt":"2020-07-01T17:41:37","slug":"leistungen","status":"publish","type":"page","link":"https:\/\/ja-baumpflege.de\/?page_id=13","title":{"rendered":"Leistungen"},"content":{"rendered":"\n<h5 class=\"has-text-align-center\"><strong>Unsere Leistungen<\/strong><\/h5>\n\n\n\n<p>Wir f\u00fchren unsere Arbeiten mit der Hubarbeitsb\u00fchne oder in engen, schwer zug\u00e4nglichen Bereichen mittels Seilklettertechniken (SKT) durch. Alle Arbeiten werden nach ZTV Baumpflege 2017 und den entsprechenden FLL Richtlinien ausgef\u00fchrt. Nat\u00fcrlich sind wir von der Berufsgenossenschaft (SVLFG) zertifiziert:<\/p>\n\n\n\n<p>SKT-A und SKT-B, European Tree Worker (ETW) und FLL-Zertifizierte Baumkontrolleure.<\/p>\n\n\n\n<p>Unsere Leistungsspektrum umfasst:<\/p>\n\n\n\n<ul><li>Baumpflege und Kroneneink\u00fcrzungen<\/li><li>Kronensicherung<\/li><li>Baumpflanzungen mit Fertigstellungspflege<\/li><li>Jungbaumschnitt<\/li><li>Fassadenfreischnitt<\/li><li>Baumf\u00e4llung, Problemf\u00e4llung und Sturmschadenbeseitigung<\/li><li>Obst- und Geh\u00f6lzschnitt<\/li><\/ul>\n\n\n\n<p>Wenn Sie Bedarf an unseren Leistungen haben, sich beraten lassen m\u00f6chten oder bereits eine gezielte Ma\u00dfnahme im Auge haben \u2013 kontaktieren Sie uns gern.<\/p>\n\n\n\n<p>Wir besprechen die durchzuf\u00fchrenden T\u00e4tigkeiten mit Ihnen und erstellen ein Angebot.<\/p>\n\n\n\n<p><em>Nat\u00fcrlich kostenfrei und unverbindlich!<\/em><\/p>\n","protected":false},"excerpt":{"rendered":"<p>Unsere Leistungen Wir f\u00fchren unsere Arbeiten mit der Hubarbeitsb\u00fchne oder in engen, schwer zug\u00e4nglichen Bereichen mittels Seilklettertechniken (SKT) durch. Alle Arbeiten werden nach ZTV Baumpflege 2017 und den entsprechenden FLL Richtlinien ausgef\u00fchrt. Nat\u00fcrlich sind wir von der Berufsgenossenschaft (SVLFG) zertifiziert: SKT-A und SKT-B, European Tree Worker (ETW) und FLL-Zertifizierte Baumkontrolleure. Unsere Leistungsspektrum umfasst: Baumpflege und &hellip; <\/p>\n<p class=\"link-more\"><a href=\"https:\/\/ja-baumpflege.de\/?page_id=13\" class=\"more-link\"><span class=\"screen-reader-text\">\u201eLeistungen\u201c<\/span> weiterlesen<\/a><\/p>\n","protected":false},"author":1,"featured_media":0,"parent":0,"menu_order":0,"comment_status":"closed","ping_status":"closed","template":"","meta":[],"_links":{"self":[{"href":"https:\/\/ja-baumpflege.de\/index.php?rest_route=\/wp\/v2\/pages\/13"}],"collection":[{"href":"https:\/\/ja-baumpflege.de\/index.php?rest_route=\/wp\/v2\/pages"}],"about":[{"href":"https:\/\/ja-baumpflege.de\/index.php?rest_route=\/wp\/v2\/types\/page"}],"author":[{"embeddable":true,"href":"https:\/\/ja-baumpflege.de\/index.php?rest_route=\/wp\/v2\/users\/1"}],"replies":[{"embeddable":true,"href":"https:\/\/ja-baumpflege.de\/index.php?rest_route=%2Fwp%2Fv2%2Fcomments&post=13"}],"version-history":[{"count":5,"href":"https:\/\/ja-baumpflege.de\/index.php?rest_route=\/wp\/v2\/pages\/13\/revisions"}],"predecessor-version":[{"id":81,"href":"https:\/\/ja-baumpflege.de\/index.php?rest_route=\/wp\/v2\/pages\/13\/revisions\/81"}],"wp:attachment":[{"href":"https:\/\/ja-baumpflege.de\/index.php?rest_route=%2Fwp%2Fv2%2Fmedia&parent=13"}],"curies":[{"name":"wp","href":"https:\/\/api.w.org\/{rel}","templated":true}]}}