{"id":55,"date":"2020-07-01T13:58:02","date_gmt":"2020-07-01T13:58:02","guid":{"rendered":"https:\/\/ja-baumpflege.de\/?page_id=55"},"modified":"2020-07-01T14:34:32","modified_gmt":"2020-07-01T14:34:32","slug":"impressum","status":"publish","type":"page","link":"https:\/\/ja-baumpflege.de\/?page_id=55","title":{"rendered":"Impressum"},"content":{"rendered":"\n<h5>INHABER UND VERANTWORTLICH F\u00dcR DEN INHALT<\/h5>\n\n\n\n<p><strong>JA Gartenbau<\/strong><br>Jochen Arndt<\/p>\n\n\n\n<p>Nepperwitzer Weg 6<\/p>\n\n\n\n<p>04827 Machern<\/p>\n\n\n\n<p><strong>Steuernummer:&nbsp;<\/strong>238 202 01418<br>Finanzamt Grimma<\/p>\n\n\n\n<h2>HAFTUNGSAUSSCHLUSS<\/h2>\n\n\n\n<p>Trotz sorgf\u00e4ltiger Pr\u00fcfung k\u00f6nnen wir keine Haftung f\u00fcr die Inhalte externer Links \u00fcbernehmen. F\u00fcr den Inhalt diese Seiten sind ausschlie\u00dflich deren Betreiber verantwortlich.<\/p>\n\n\n\n<h2>TECHNISCHE UMSETZUNG<\/h2>\n\n\n\n<p><strong>Jochen Arndt<\/strong><\/p>\n\n\n\n<p>WordPress Editor<\/p>\n","protected":false},"excerpt":{"rendered":"<p>INHABER UND VERANTWORTLICH F\u00dcR DEN INHALT JA GartenbauJochen Arndt Nepperwitzer Weg 6 04827 Machern Steuernummer:&nbsp;238 202 01418Finanzamt Grimma HAFTUNGSAUSSCHLUSS Trotz sorgf\u00e4ltiger Pr\u00fcfung k\u00f6nnen wir keine Haftung f\u00fcr die Inhalte externer Links \u00fcbernehmen. F\u00fcr den Inhalt diese Seiten sind ausschlie\u00dflich deren Betreiber verantwortlich. TECHNISCHE UMSETZUNG Jochen Arndt WordPress Editor<\/p>\n","protected":false},"author":1,"featured_media":0,"parent":0,"menu_order":0,"comment_status":"closed","ping_status":"closed","template":"","meta":[],"_links":{"self":[{"href":"https:\/\/ja-baumpflege.de\/index.php?rest_route=\/wp\/v2\/pages\/55"}],"collection":[{"href":"https:\/\/ja-baumpflege.de\/index.php?rest_route=\/wp\/v2\/pages"}],"about":[{"href":"https:\/\/ja-baumpflege.de\/index.php?rest_route=\/wp\/v2\/types\/page"}],"author":[{"embeddable":true,"href":"https:\/\/ja-baumpflege.de\/index.php?rest_route=\/wp\/v2\/users\/1"}],"replies":[{"embeddable":true,"href":"https:\/\/ja-baumpflege.de\/index.php?rest_route=%2Fwp%2Fv2%2Fcomments&post=55"}],"version-history":[{"count":3,"href":"https:\/\/ja-baumpflege.de\/index.php?rest_route=\/wp\/v2\/pages\/55\/revisions"}],"predecessor-version":[{"id":72,"href":"https:\/\/ja-baumpflege.de\/index.php?rest_route=\/wp\/v2\/pages\/55\/revisions\/72"}],"wp:attachment":[{"href":"https:\/\/ja-baumpflege.de\/index.php?rest_route=%2Fwp%2Fv2%2Fmedia&parent=55"}],"curies":[{"name":"wp","href":"https:\/\/api.w.org\/{rel}","templated":true}]}}